{"id":6041,"date":"2020-11-06T11:54:14","date_gmt":"2020-11-06T11:54:14","guid":{"rendered":"https:\/\/fernandocobosestudio.es\/?page_id=6041"},"modified":"2020-12-01T16:03:09","modified_gmt":"2020-12-01T16:03:09","slug":"actualidad","status":"publish","type":"page","link":"https:\/\/fernandocobosestudio.es\/en\/actualidad\/","title":{"rendered":"actualidad"},"content":{"rendered":"<div class=\"vc_row wpb_row vc_row-fluid\" ><div class=\"wpb_column vc_column_container vc_col-sm-12\"><div class=\"vc_column-inner\"><div class=\"wpb_wrapper\"><div class=\"qodef-section-title-holder  qodef-st-standard qodef-st-title-left qodef-st-normal-space\" style=\"text-align: center\">\n\t<div class=\"qodef-st-inner\">\n        \t\t\t\t\t<h2 class=\"qodef-st-title\" >\n\t\t\t\tActualidad\t\t\t<\/h2>\n\t\t\t\t\t<\/div>\n<\/div><\/div><\/div><\/div><\/div><div class=\"vc_row wpb_row vc_row-fluid\" ><div class=\"wpb_column vc_column_container vc_col-sm-12\"><div class=\"vc_column-inner\"><div class=\"wpb_wrapper\"><div class=\"qodef-blog-list-holder qodef-grid-list qodef-disable-bottom-space qodef-bl-standard qodef-four-columns qodef-large-space qodef-bl-pag-no-pagination\"  data-type=standard data-number-of-posts=-1 data-number-of-columns=four data-space-between-items=large data-category=actualidad data-orderby=date data-order=ASC data-image-size=dessau_select_portrait data-title-tag=h5 data-title-transform=none data-excerpt-length=0 data-post-info-section=no data-post-info-image=yes data-post-info-author=yes data-post-info-date=yes data-post-info-category=yes data-post-info-comments=no data-post-info-like=no data-post-info-share=no data-pagination-type=no-pagination data-max-num-pages=0 data-next-page=2>\n\t<div class=\"qodef-bl-wrapper qodef-outer-space\">\n\t\t<ul class=\"qodef-blog-list\">\n\t\t\t<li class=\"qodef-bl-item qodef-item-space\">\n\t<div class=\"qodef-bli-inner\">\n\t\t\n\t<div class=\"qodef-post-image\">\n\t\t\t\t\t<a itemprop=\"url\" href=\"https:\/\/fernandocobosestudio.es\/en\/publicacion-de-las-actas-del-icomos\/\" title=\"\u00a0Publicaci\u00f3n de las actas del ICOMOS\">\n\t\t\t\t\t<img width=\"550\" height=\"843\" src=\"https:\/\/fernandocobosestudio.es\/wp-content\/uploads\/2020\/11\/ICOFORT-550x843.jpg\" class=\"attachment-dessau_select_portrait size-dessau_select_portrait wp-post-image\" alt=\"\" loading=\"lazy\" \/>\t\t\t\t\t<\/a>\n\t\t\t\t\t<\/div>\n        <div class=\"qodef-bli-content\">\n\t        \n<h5 itemprop=\"name\" class=\"entry-title qodef-post-title\" style=\"text-transform: none\">\n            <a itemprop=\"url\" href=\"https:\/\/fernandocobosestudio.es\/en\/publicacion-de-las-actas-del-icomos\/\" title=\"\u00a0Publicaci\u00f3n de las actas del ICOMOS\">\n            \u00a0Publicaci\u00f3n de las actas del ICOMOS            <\/a>\n    <\/h5>            \t\n\t        <div class=\"qodef-bli-excerpt\">\n\t\t        \t\t        \t<div class=\"qodef-post-read-more-button\">\n\t\t<a itemprop=\"url\" href=\"https:\/\/fernandocobosestudio.es\/en\/publicacion-de-las-actas-del-icomos\/\" target=\"_self\"  class=\"qodef-btn qodef-btn-medium qodef-btn-simple qodef-btn-icon qodef-blog-list-button qodef-btn-icon\"  >\t        <span class=\"qodef-btn-text\">Read More<\/span>        <span aria-hidden=\"true\" class=\"qodef-icon-linear-icons lnr lnr-arrow-right\" ><\/span>    <\/a>\t<\/div>\n\t        <\/div>\n        <\/div>\n\t<\/div>\n<\/li><li class=\"qodef-bl-item qodef-item-space\">\n\t<div class=\"qodef-bli-inner\">\n\t\t\n\t<div class=\"qodef-post-image\">\n\t\t\t\t\t<a itemprop=\"url\" href=\"https:\/\/fernandocobosestudio.es\/en\/workshop-ingenieros-vs-arquitectos\/\" title=\"Workshop: \u00bfIngenieros vs. Arquitectos?\">\n\t\t\t\t\t<img width=\"550\" height=\"867\" src=\"https:\/\/fernandocobosestudio.es\/wp-content\/uploads\/2020\/11\/CARTEL-550x867.jpg\" class=\"attachment-dessau_select_portrait size-dessau_select_portrait wp-post-image\" alt=\"\" loading=\"lazy\" \/>\t\t\t\t\t<\/a>\n\t\t\t\t\t<\/div>\n        <div class=\"qodef-bli-content\">\n\t        \n<h5 itemprop=\"name\" class=\"entry-title qodef-post-title\" style=\"text-transform: none\">\n            <a itemprop=\"url\" href=\"https:\/\/fernandocobosestudio.es\/en\/workshop-ingenieros-vs-arquitectos\/\" title=\"Workshop: \u00bfIngenieros vs. Arquitectos?\">\n            Workshop: \u00bfIngenieros vs. Arquitectos?            <\/a>\n    <\/h5>            \t\n\t        <div class=\"qodef-bli-excerpt\">\n\t\t        \t\t        \t<div class=\"qodef-post-read-more-button\">\n\t\t<a itemprop=\"url\" href=\"https:\/\/fernandocobosestudio.es\/en\/workshop-ingenieros-vs-arquitectos\/\" target=\"_self\"  class=\"qodef-btn qodef-btn-medium qodef-btn-simple qodef-btn-icon qodef-blog-list-button qodef-btn-icon\"  >\t        <span class=\"qodef-btn-text\">Read More<\/span>        <span aria-hidden=\"true\" class=\"qodef-icon-linear-icons lnr lnr-arrow-right\" ><\/span>    <\/a>\t<\/div>\n\t        <\/div>\n        <\/div>\n\t<\/div>\n<\/li><li class=\"qodef-bl-item qodef-item-space\">\n\t<div class=\"qodef-bli-inner\">\n\t\t\n\t<div class=\"qodef-post-image\">\n\t\t\t\t\t<a itemprop=\"url\" href=\"https:\/\/fernandocobosestudio.es\/en\/publicacion-del-libro-la-genese-du-systeme-bastionne-en-europe\/\" title=\"Publicaci\u00f3n del libro La gen\u00e8se du syst\u00e8me bastionn\u00e9 en Europe\">\n\t\t\t\t\t<img width=\"550\" height=\"866\" src=\"https:\/\/fernandocobosestudio.es\/wp-content\/uploads\/2020\/11\/01-550x866.jpg\" class=\"attachment-dessau_select_portrait size-dessau_select_portrait wp-post-image\" alt=\"\" loading=\"lazy\" \/>\t\t\t\t\t<\/a>\n\t\t\t\t\t<\/div>\n        <div class=\"qodef-bli-content\">\n\t        \n<h5 itemprop=\"name\" class=\"entry-title qodef-post-title\" style=\"text-transform: none\">\n            <a itemprop=\"url\" href=\"https:\/\/fernandocobosestudio.es\/en\/publicacion-del-libro-la-genese-du-systeme-bastionne-en-europe\/\" title=\"Publicaci\u00f3n del libro La gen\u00e8se du syst\u00e8me bastionn\u00e9 en Europe\">\n            Publicaci\u00f3n del libro La gen\u00e8se du syst\u00e8me bastionn\u00e9 en Europe            <\/a>\n    <\/h5>            \t\n\t        <div class=\"qodef-bli-excerpt\">\n\t\t        \t\t        \t<div class=\"qodef-post-read-more-button\">\n\t\t<a itemprop=\"url\" href=\"https:\/\/fernandocobosestudio.es\/en\/publicacion-del-libro-la-genese-du-systeme-bastionne-en-europe\/\" target=\"_self\"  class=\"qodef-btn qodef-btn-medium qodef-btn-simple qodef-btn-icon qodef-blog-list-button qodef-btn-icon\"  >\t        <span class=\"qodef-btn-text\">Read More<\/span>        <span aria-hidden=\"true\" class=\"qodef-icon-linear-icons lnr lnr-arrow-right\" ><\/span>    <\/a>\t<\/div>\n\t        <\/div>\n        <\/div>\n\t<\/div>\n<\/li><li class=\"qodef-bl-item qodef-item-space\">\n\t<div class=\"qodef-bli-inner\">\n\t\t\n\t<div class=\"qodef-post-image\">\n\t\t\t\t\t<a itemprop=\"url\" href=\"https:\/\/fernandocobosestudio.es\/en\/reconocimiento-de-la-associacao-portuguesa\/\" title=\"Reconocimiento de la Associa\u00e7\u00e3o Portuguesa\">\n\t\t\t\t\t<img width=\"550\" height=\"877\" src=\"https:\/\/fernandocobosestudio.es\/wp-content\/uploads\/2020\/11\/Almeida-y-Ciudad-Rodrigo_portada-550x877.jpg\" class=\"attachment-dessau_select_portrait size-dessau_select_portrait wp-post-image\" alt=\"\" loading=\"lazy\" \/>\t\t\t\t\t<\/a>\n\t\t\t\t\t<\/div>\n        <div class=\"qodef-bli-content\">\n\t        \n<h5 itemprop=\"name\" class=\"entry-title qodef-post-title\" style=\"text-transform: none\">\n            <a itemprop=\"url\" href=\"https:\/\/fernandocobosestudio.es\/en\/reconocimiento-de-la-associacao-portuguesa\/\" title=\"Reconocimiento de la Associa\u00e7\u00e3o Portuguesa\">\n            Reconocimiento de la Associa\u00e7\u00e3o Portuguesa            <\/a>\n    <\/h5>            \t\n\t        <div class=\"qodef-bli-excerpt\">\n\t\t        \t\t        \t<div class=\"qodef-post-read-more-button\">\n\t\t<a itemprop=\"url\" href=\"https:\/\/fernandocobosestudio.es\/en\/reconocimiento-de-la-associacao-portuguesa\/\" target=\"_self\"  class=\"qodef-btn qodef-btn-medium qodef-btn-simple qodef-btn-icon qodef-blog-list-button qodef-btn-icon\"  >\t        <span class=\"qodef-btn-text\">Read More<\/span>        <span aria-hidden=\"true\" class=\"qodef-icon-linear-icons lnr lnr-arrow-right\" ><\/span>    <\/a>\t<\/div>\n\t        <\/div>\n        <\/div>\n\t<\/div>\n<\/li>\t\t<\/ul>\n\t<\/div>\n\t<\/div><\/div><\/div><\/div><\/div>","protected":false},"excerpt":{"rendered":"Reconocimiento de la Associa\u00e7\u00e3o Portuguesa dos Munic\u00edpios com Centro Hist\u00f3rico Por sus trabajos de investigaci\u00f3n sobre la fortificaci\u00f3n y el urbanismo de las ciudades espa\u00f1olas y portuguesas de la frontera y el aporte metodol\u00f3gico de su libro en colaboraci\u00f3n de [...]","protected":false},"author":1,"featured_media":0,"parent":0,"menu_order":0,"comment_status":"closed","ping_status":"closed","template":"","meta":[],"_links":{"self":[{"href":"https:\/\/fernandocobosestudio.es\/en\/wp-json\/wp\/v2\/pages\/6041"}],"collection":[{"href":"https:\/\/fernandocobosestudio.es\/en\/wp-json\/wp\/v2\/pages"}],"about":[{"href":"https:\/\/fernandocobosestudio.es\/en\/wp-json\/wp\/v2\/types\/page"}],"author":[{"embeddable":true,"href":"https:\/\/fernandocobosestudio.es\/en\/wp-json\/wp\/v2\/users\/1"}],"replies":[{"embeddable":true,"href":"https:\/\/fernandocobosestudio.es\/en\/wp-json\/wp\/v2\/comments?post=6041"}],"version-history":[{"count":19,"href":"https:\/\/fernandocobosestudio.es\/en\/wp-json\/wp\/v2\/pages\/6041\/revisions"}],"predecessor-version":[{"id":6137,"href":"https:\/\/fernandocobosestudio.es\/en\/wp-json\/wp\/v2\/pages\/6041\/revisions\/6137"}],"wp:attachment":[{"href":"https:\/\/fernandocobosestudio.es\/en\/wp-json\/wp\/v2\/media?parent=6041"}],"curies":[{"name":"wp","href":"https:\/\/api.w.org\/{rel}","templated":true}]}}