{"id":6152,"date":"2020-11-17T16:54:30","date_gmt":"2020-11-17T16:54:30","guid":{"rendered":"https:\/\/fernandocobosestudio.es\/what-we-offer-copy\/"},"modified":"2020-11-17T17:00:05","modified_gmt":"2020-11-17T17:00:05","slug":"publicaciones","status":"publish","type":"page","link":"https:\/\/fernandocobosestudio.es\/en\/publicaciones\/","title":{"rendered":"PUBLICACIONES"},"content":{"rendered":"<div class=\"vc_row wpb_row vc_row-fluid vc_custom_1605632023131 vc_row-has-fill\" style=\"background-image: url(https:\/\/fernandocobosestudio.es\/wp-content\/uploads\/2020\/11\/11.jpg)\"><div class=\"wpb_column vc_column_container vc_col-sm-8 vc_col-lg-5 vc_col-md-7\"><div class=\"vc_column-inner vc_custom_1527690082258\"><div class=\"wpb_wrapper\"><div class=\"qodef-elements-holder   qodef-one-column  qodef-responsive-mode-768\" ><div class=\"qodef-eh-item\" style=\"background-color: #ffffff\" data-item-class=\"qodef-eh-custom-4353\" data-1366-1600=\"58px 30px 63px 30px\" data-1024-1366=\"58px 20px 63px\" data-768-1024=\"58px 20px 63px\" data-680-768=\"58px 25px 63px\" data-680=\"58px 20px 63px\">\n\t<div class=\"qodef-eh-item-inner\">\n\t\t<div class=\"qodef-eh-item-content qodef-eh-custom-4353\" style=\"padding: 58px 100px 63px 48px\">\n\t\t\t<div class=\"qodef-section-title-holder  qodef-st-standard qodef-st-title-left qodef-st-normal-space\" style=\"padding: 0px\">\n\t<div class=\"qodef-st-inner\">\n        \t\t\t\t\t<h1 class=\"qodef-st-title\" >\n\t\t\t\tPUBLICACIONES<br \/>\t\t\t<\/h1>\n\t\t\t\t\t<\/div>\n<\/div>\t\t<\/div>\n\t<\/div>\n<\/div><\/div><\/div><\/div><\/div><\/div><div class=\"vc_row wpb_row vc_row-fluid\" ><div class=\"wpb_column vc_column_container vc_col-sm-12\"><div class=\"vc_column-inner\"><div class=\"wpb_wrapper\">\n\t<div class=\"wpb_text_column wpb_content_element\" >\n\t\t<div class=\"wpb_wrapper\">\n\t\t\t<p>&nbsp;<\/p>\n<p>&nbsp;<\/p>\n\n\t\t<\/div>\n\t<\/div>\n<\/div><\/div><\/div><\/div><div class=\"vc_row wpb_row vc_row-fluid\" ><div class=\"wpb_column vc_column_container vc_col-sm-12\"><div class=\"vc_column-inner\"><div class=\"wpb_wrapper\"><div class=\"qodef-blog-list-holder qodef-grid-list qodef-disable-bottom-space qodef-bl-standard qodef-three-columns qodef-large-space qodef-bl-pag-no-pagination\"  data-type=standard data-number-of-posts=-1 data-number-of-columns=three data-space-between-items=large data-category=publicaciones data-orderby=date data-order=ASC data-image-size=full data-title-tag=h5 data-excerpt-length=20 data-post-info-section=yes data-post-info-image=yes data-post-info-author=yes data-post-info-date=yes data-post-info-category=yes data-post-info-comments=no data-post-info-like=no data-post-info-share=no data-pagination-type=no-pagination data-max-num-pages=0 data-next-page=2>\n\t<div class=\"qodef-bl-wrapper qodef-outer-space\">\n\t\t<ul class=\"qodef-blog-list\">\n\t\t\t<li class=\"qodef-bl-item qodef-item-space\">\n\t<div class=\"qodef-bli-inner\">\n\t\t\n        <div class=\"qodef-bli-content\">\n\t        \n<h5 itemprop=\"name\" class=\"entry-title qodef-post-title\" >\n            <a itemprop=\"url\" href=\"https:\/\/fernandocobosestudio.es\/en\/libros\/\" title=\"LIBROS\">\n            LIBROS            <\/a>\n    <\/h5>                            <div class=\"qodef-bli-info\">\n\t                <div class=\"qodef-post-info-author\">\n    <span class=\"qodef-post-info-author-text\">\n        by    <\/span>\n    <a itemprop=\"author\" class=\"qodef-post-info-author-link\" href=\"https:\/\/fernandocobosestudio.es\/en\/author\/octo\/\">\n        admin    <\/a>\n<\/div><div class=\"qodef-post-info-category\">\n    <a href=\"https:\/\/fernandocobosestudio.es\/en\/category\/publicaciones\/\" rel=\"category tag\">publicaciones<\/a><\/div><div itemprop=\"dateCreated\" class=\"qodef-post-info-date entry-date published updated\">\n            <a itemprop=\"url\" href=\"https:\/\/fernandocobosestudio.es\/en\/2020\/11\/\">\n    \n        November 12, 2020        <\/a>\n    <meta itemprop=\"interactionCount\" content=\"UserComments: 0\"\/>\n<\/div>                <\/div>\n            \t\n\t        <div class=\"qodef-bli-excerpt\">\n\t\t        \t\t<div class=\"qodef-post-excerpt-holder\">\n\t\t\t<p itemprop=\"description\" class=\"qodef-post-excerpt\">\n\t\t\t\t&nbsp;\r\n\r\n&nbsp;\r\nCanal Arribas, R., Cobos Guerra, F. &amp; de Castro, J. (2012). Castros y recintos de la frontera de Le\u00f3n en\t\t\t<\/p>\n\t\t<\/div>\n\t\t\t        \t<div class=\"qodef-post-read-more-button\">\n\t\t<a itemprop=\"url\" href=\"https:\/\/fernandocobosestudio.es\/en\/libros\/\" target=\"_self\"  class=\"qodef-btn qodef-btn-medium qodef-btn-simple qodef-btn-icon qodef-blog-list-button qodef-btn-icon\"  >\t        <span class=\"qodef-btn-text\">Read More<\/span>        <span aria-hidden=\"true\" class=\"qodef-icon-linear-icons lnr lnr-arrow-right\" ><\/span>    <\/a>\t<\/div>\n\t        <\/div>\n        <\/div>\n\t<\/div>\n<\/li><li class=\"qodef-bl-item qodef-item-space\">\n\t<div class=\"qodef-bli-inner\">\n\t\t\n        <div class=\"qodef-bli-content\">\n\t        \n<h5 itemprop=\"name\" class=\"entry-title qodef-post-title\" >\n            <a itemprop=\"url\" href=\"https:\/\/fernandocobosestudio.es\/en\/capitulos-o-estudios-en-obras-colectivas\/\" title=\"CAP\u00cdTULOS O ESTUDIOS EN OBRAS COLECTIVAS\">\n            CAP\u00cdTULOS O ESTUDIOS EN OBRAS COLECTIVAS            <\/a>\n    <\/h5>                            <div class=\"qodef-bli-info\">\n\t                <div class=\"qodef-post-info-author\">\n    <span class=\"qodef-post-info-author-text\">\n        by    <\/span>\n    <a itemprop=\"author\" class=\"qodef-post-info-author-link\" href=\"https:\/\/fernandocobosestudio.es\/en\/author\/octo\/\">\n        admin    <\/a>\n<\/div><div class=\"qodef-post-info-category\">\n    <a href=\"https:\/\/fernandocobosestudio.es\/en\/category\/publicaciones\/\" rel=\"category tag\">publicaciones<\/a><\/div><div itemprop=\"dateCreated\" class=\"qodef-post-info-date entry-date published updated\">\n            <a itemprop=\"url\" href=\"https:\/\/fernandocobosestudio.es\/en\/2020\/11\/\">\n    \n        November 12, 2020        <\/a>\n    <meta itemprop=\"interactionCount\" content=\"UserComments: 0\"\/>\n<\/div>                <\/div>\n            \t\n\t        <div class=\"qodef-bli-excerpt\">\n\t\t        \t\t<div class=\"qodef-post-excerpt-holder\">\n\t\t\t<p itemprop=\"description\" class=\"qodef-post-excerpt\">\n\t\t\t\t\r\nCobos Guerra, F. \"Introducci\u00f3n a Castilla y Le\u00f3n y castillos de las provincias de Palencia, Soria y Valladolid\u201d, en Castillos\t\t\t<\/p>\n\t\t<\/div>\n\t\t\t        \t<div class=\"qodef-post-read-more-button\">\n\t\t<a itemprop=\"url\" href=\"https:\/\/fernandocobosestudio.es\/en\/capitulos-o-estudios-en-obras-colectivas\/\" target=\"_self\"  class=\"qodef-btn qodef-btn-medium qodef-btn-simple qodef-btn-icon qodef-blog-list-button qodef-btn-icon\"  >\t        <span class=\"qodef-btn-text\">Read More<\/span>        <span aria-hidden=\"true\" class=\"qodef-icon-linear-icons lnr lnr-arrow-right\" ><\/span>    <\/a>\t<\/div>\n\t        <\/div>\n        <\/div>\n\t<\/div>\n<\/li><li class=\"qodef-bl-item qodef-item-space\">\n\t<div class=\"qodef-bli-inner\">\n\t\t\n        <div class=\"qodef-bli-content\">\n\t        \n<h5 itemprop=\"name\" class=\"entry-title qodef-post-title\" >\n            <a itemprop=\"url\" href=\"https:\/\/fernandocobosestudio.es\/en\/articulos-sobre-restauracion-y-actuaciones-en-patrimonio-y-cascos-historicos-en-revistas-especializadas-o-actas-de-congresos-tecnicos\/\" title=\"ART\u00cdCULOS SOBRE RESTAURACI\u00d3N Y ACTUACIONES EN PATRIMONIO Y CASCOS HIST\u00d3RICOS EN REVISTAS ESPECIALIZADAS O ACTAS DE CONGRESOS T\u00c9CNICOS\">\n            ART\u00cdCULOS SOBRE RESTAURACI\u00d3N Y ACTUACIONES EN PATRIMONIO Y CASCOS HIST\u00d3RICOS EN REVISTAS ESPECIALIZADAS O ACTAS DE CONGRESOS T\u00c9CNICOS            <\/a>\n    <\/h5>                            <div class=\"qodef-bli-info\">\n\t                <div class=\"qodef-post-info-author\">\n    <span class=\"qodef-post-info-author-text\">\n        by    <\/span>\n    <a itemprop=\"author\" class=\"qodef-post-info-author-link\" href=\"https:\/\/fernandocobosestudio.es\/en\/author\/octo\/\">\n        admin    <\/a>\n<\/div><div class=\"qodef-post-info-category\">\n    <a href=\"https:\/\/fernandocobosestudio.es\/en\/category\/publicaciones\/\" rel=\"category tag\">publicaciones<\/a><\/div><div itemprop=\"dateCreated\" class=\"qodef-post-info-date entry-date published updated\">\n            <a itemprop=\"url\" href=\"https:\/\/fernandocobosestudio.es\/en\/2020\/11\/\">\n    \n        November 12, 2020        <\/a>\n    <meta itemprop=\"interactionCount\" content=\"UserComments: 0\"\/>\n<\/div>                <\/div>\n            \t\n\t        <div class=\"qodef-bli-excerpt\">\n\t\t        \t\t<div class=\"qodef-post-excerpt-holder\">\n\t\t\t<p itemprop=\"description\" class=\"qodef-post-excerpt\">\n\t\t\t\t\r\n\r\n\r\nCanal, R., Mart\u00edn, R. &amp; Cobos Guerra, F. \u201cLa muralla de Almaz\u00e1n y su entorno\u201d, en Aa Revista del Colegio\t\t\t<\/p>\n\t\t<\/div>\n\t\t\t        \t<div class=\"qodef-post-read-more-button\">\n\t\t<a itemprop=\"url\" href=\"https:\/\/fernandocobosestudio.es\/en\/articulos-sobre-restauracion-y-actuaciones-en-patrimonio-y-cascos-historicos-en-revistas-especializadas-o-actas-de-congresos-tecnicos\/\" target=\"_self\"  class=\"qodef-btn qodef-btn-medium qodef-btn-simple qodef-btn-icon qodef-blog-list-button qodef-btn-icon\"  >\t        <span class=\"qodef-btn-text\">Read More<\/span>        <span aria-hidden=\"true\" class=\"qodef-icon-linear-icons lnr lnr-arrow-right\" ><\/span>    <\/a>\t<\/div>\n\t        <\/div>\n        <\/div>\n\t<\/div>\n<\/li><li class=\"qodef-bl-item qodef-item-space\">\n\t<div class=\"qodef-bli-inner\">\n\t\t\n        <div class=\"qodef-bli-content\">\n\t        \n<h5 itemprop=\"name\" class=\"entry-title qodef-post-title\" >\n            <a itemprop=\"url\" href=\"https:\/\/fernandocobosestudio.es\/en\/reportajes-sobre-obras-construidas\/\" title=\"REPORTAJES SOBRE OBRAS CONSTRUIDAS\">\n            REPORTAJES SOBRE OBRAS CONSTRUIDAS            <\/a>\n    <\/h5>                            <div class=\"qodef-bli-info\">\n\t                <div class=\"qodef-post-info-author\">\n    <span class=\"qodef-post-info-author-text\">\n        by    <\/span>\n    <a itemprop=\"author\" class=\"qodef-post-info-author-link\" href=\"https:\/\/fernandocobosestudio.es\/en\/author\/octo\/\">\n        admin    <\/a>\n<\/div><div class=\"qodef-post-info-category\">\n    <a href=\"https:\/\/fernandocobosestudio.es\/en\/category\/publicaciones\/\" rel=\"category tag\">publicaciones<\/a><\/div><div itemprop=\"dateCreated\" class=\"qodef-post-info-date entry-date published updated\">\n            <a itemprop=\"url\" href=\"https:\/\/fernandocobosestudio.es\/en\/2024\/05\/\">\n    \n        May 15, 2024        <\/a>\n    <meta itemprop=\"interactionCount\" content=\"UserComments: 0\"\/>\n<\/div>                <\/div>\n            \t\n\t        <div class=\"qodef-bli-excerpt\">\n\t\t        \t\t<div class=\"qodef-post-excerpt-holder\">\n\t\t\t<p itemprop=\"description\" class=\"qodef-post-excerpt\">\n\t\t\t\t&nbsp;\r\n\r\n\r\n\r\nSobre la restauraci\u00f3n del castillo de La Mota\r\n\r\n\r\n\r\n\r\n- \u201cObras de Consolidaci\u00f3n y Restauraci\u00f3n en el Castillo de la Mota\u201d, en\t\t\t<\/p>\n\t\t<\/div>\n\t\t\t        \t<div class=\"qodef-post-read-more-button\">\n\t\t<a itemprop=\"url\" href=\"https:\/\/fernandocobosestudio.es\/en\/reportajes-sobre-obras-construidas\/\" target=\"_self\"  class=\"qodef-btn qodef-btn-medium qodef-btn-simple qodef-btn-icon qodef-blog-list-button qodef-btn-icon\"  >\t        <span class=\"qodef-btn-text\">Read More<\/span>        <span aria-hidden=\"true\" class=\"qodef-icon-linear-icons lnr lnr-arrow-right\" ><\/span>    <\/a>\t<\/div>\n\t        <\/div>\n        <\/div>\n\t<\/div>\n<\/li><li class=\"qodef-bl-item qodef-item-space\">\n\t<div class=\"qodef-bli-inner\">\n\t\t\n        <div class=\"qodef-bli-content\">\n\t        \n<h5 itemprop=\"name\" class=\"entry-title qodef-post-title\" >\n            <a itemprop=\"url\" href=\"https:\/\/fernandocobosestudio.es\/en\/articulos-sobre-historia-de-la-arquitectura-militar-y-el-urbanismo-en-revistas-especializadas-o-actas-de-congresos-cientificos\/\" title=\"ART\u00cdCULOS SOBRE HISTORIA DE LA ARQUITECTURA MILITAR Y EL URBANISMO EN REVISTAS ESPECIALIZADAS O ACTAS DE CONGRESOS CIENT\u00cdFICOS\">\n            ART\u00cdCULOS SOBRE HISTORIA DE LA ARQUITECTURA MILITAR Y EL URBANISMO EN REVISTAS ESPECIALIZADAS O ACTAS DE CONGRESOS CIENT\u00cdFICOS            <\/a>\n    <\/h5>                            <div class=\"qodef-bli-info\">\n\t                <div class=\"qodef-post-info-author\">\n    <span class=\"qodef-post-info-author-text\">\n        by    <\/span>\n    <a itemprop=\"author\" class=\"qodef-post-info-author-link\" href=\"https:\/\/fernandocobosestudio.es\/en\/author\/octo\/\">\n        admin    <\/a>\n<\/div><div class=\"qodef-post-info-category\">\n    <a href=\"https:\/\/fernandocobosestudio.es\/en\/category\/publicaciones\/\" rel=\"category tag\">publicaciones<\/a><\/div><div itemprop=\"dateCreated\" class=\"qodef-post-info-date entry-date published updated\">\n            <a itemprop=\"url\" href=\"https:\/\/fernandocobosestudio.es\/en\/2024\/05\/\">\n    \n        May 15, 2024        <\/a>\n    <meta itemprop=\"interactionCount\" content=\"UserComments: 0\"\/>\n<\/div>                <\/div>\n            \t\n\t        <div class=\"qodef-bli-excerpt\">\n\t\t        \t\t<div class=\"qodef-post-excerpt-holder\">\n\t\t\t<p itemprop=\"description\" class=\"qodef-post-excerpt\">\n\t\t\t\t\r\n\r\n\r\nC\u00e1mara, A. &amp; Cobos, F. \u201cLa experiencia de la monarqu\u00eda espa\u00f1ola en la fortificaci\u00f3n mar\u00edtima del mediterr\u00e1neo y su proyecci\u00f3n\t\t\t<\/p>\n\t\t<\/div>\n\t\t\t        \t<div class=\"qodef-post-read-more-button\">\n\t\t<a itemprop=\"url\" href=\"https:\/\/fernandocobosestudio.es\/en\/articulos-sobre-historia-de-la-arquitectura-militar-y-el-urbanismo-en-revistas-especializadas-o-actas-de-congresos-cientificos\/\" target=\"_self\"  class=\"qodef-btn qodef-btn-medium qodef-btn-simple qodef-btn-icon qodef-blog-list-button qodef-btn-icon\"  >\t        <span class=\"qodef-btn-text\">Read More<\/span>        <span aria-hidden=\"true\" class=\"qodef-icon-linear-icons lnr lnr-arrow-right\" ><\/span>    <\/a>\t<\/div>\n\t        <\/div>\n        <\/div>\n\t<\/div>\n<\/li><li class=\"qodef-bl-item qodef-item-space\">\n\t<div class=\"qodef-bli-inner\">\n\t\t\n        <div class=\"qodef-bli-content\">\n\t        \n<h5 itemprop=\"name\" class=\"entry-title qodef-post-title\" >\n            <a itemprop=\"url\" href=\"https:\/\/fernandocobosestudio.es\/en\/tesis-y-lineas-de-investigacion\/\" title=\"TESIS Y L\u00cdNEAS DE INVESTIGACI\u00d3N\">\n            TESIS Y L\u00cdNEAS DE INVESTIGACI\u00d3N            <\/a>\n    <\/h5>                            <div class=\"qodef-bli-info\">\n\t                <div class=\"qodef-post-info-author\">\n    <span class=\"qodef-post-info-author-text\">\n        by    <\/span>\n    <a itemprop=\"author\" class=\"qodef-post-info-author-link\" href=\"https:\/\/fernandocobosestudio.es\/en\/author\/octo\/\">\n        admin    <\/a>\n<\/div><div class=\"qodef-post-info-category\">\n    <a href=\"https:\/\/fernandocobosestudio.es\/en\/category\/publicaciones\/\" rel=\"category tag\">publicaciones<\/a><\/div><div itemprop=\"dateCreated\" class=\"qodef-post-info-date entry-date published updated\">\n            <a itemprop=\"url\" href=\"https:\/\/fernandocobosestudio.es\/en\/2024\/05\/\">\n    \n        May 21, 2024        <\/a>\n    <meta itemprop=\"interactionCount\" content=\"UserComments: 0\"\/>\n<\/div>                <\/div>\n            \t\n\t        <div class=\"qodef-bli-excerpt\">\n\t\t        \t\t<div class=\"qodef-post-excerpt-holder\">\n\t\t\t<p itemprop=\"description\" class=\"qodef-post-excerpt\">\n\t\t\t\t&nbsp;\r\n\r\n&nbsp;\r\n\r\nTesis \r\n\r\nCobos Guerra, F. (2017) Caracterizaci\u00f3n y Evoluci\u00f3n T\u00e9cnica de la Fortificaci\u00f3n Hisp\u00e1nica (1474-1700) [Tesis doctoral, Universidad de Alcal\u00e1]. Biblioteca\t\t\t<\/p>\n\t\t<\/div>\n\t\t\t        \t<div class=\"qodef-post-read-more-button\">\n\t\t<a itemprop=\"url\" href=\"https:\/\/fernandocobosestudio.es\/en\/tesis-y-lineas-de-investigacion\/\" target=\"_self\"  class=\"qodef-btn qodef-btn-medium qodef-btn-simple qodef-btn-icon qodef-blog-list-button qodef-btn-icon\"  >\t        <span class=\"qodef-btn-text\">Read More<\/span>        <span aria-hidden=\"true\" class=\"qodef-icon-linear-icons lnr lnr-arrow-right\" ><\/span>    <\/a>\t<\/div>\n\t        <\/div>\n        <\/div>\n\t<\/div>\n<\/li>\t\t<\/ul>\n\t<\/div>\n\t<\/div><\/div><\/div><\/div><\/div>","protected":false},"excerpt":{"rendered":"&nbsp; &nbsp; Tesis Cobos Guerra, F. (2017) Caracterizaci\u00f3n y Evoluci\u00f3n T\u00e9cnica de la Fortificaci\u00f3n Hisp\u00e1nica (1474-1700) [Tesis doctoral, Universidad de Alcal\u00e1]. Biblioteca Digital Universidad de Alcal\u00e1. Publicaciones doctorandos Canal, R. \u201cT\u00e9cnicas de tapial de cal y canto en la fortificaci\u00f3n [...]","protected":false},"author":1,"featured_media":0,"parent":0,"menu_order":0,"comment_status":"closed","ping_status":"closed","template":"full-width.php","meta":[],"_links":{"self":[{"href":"https:\/\/fernandocobosestudio.es\/en\/wp-json\/wp\/v2\/pages\/6152"}],"collection":[{"href":"https:\/\/fernandocobosestudio.es\/en\/wp-json\/wp\/v2\/pages"}],"about":[{"href":"https:\/\/fernandocobosestudio.es\/en\/wp-json\/wp\/v2\/types\/page"}],"author":[{"embeddable":true,"href":"https:\/\/fernandocobosestudio.es\/en\/wp-json\/wp\/v2\/users\/1"}],"replies":[{"embeddable":true,"href":"https:\/\/fernandocobosestudio.es\/en\/wp-json\/wp\/v2\/comments?post=6152"}],"version-history":[{"count":6,"href":"https:\/\/fernandocobosestudio.es\/en\/wp-json\/wp\/v2\/pages\/6152\/revisions"}],"predecessor-version":[{"id":6159,"href":"https:\/\/fernandocobosestudio.es\/en\/wp-json\/wp\/v2\/pages\/6152\/revisions\/6159"}],"wp:attachment":[{"href":"https:\/\/fernandocobosestudio.es\/en\/wp-json\/wp\/v2\/media?parent=6152"}],"curies":[{"name":"wp","href":"https:\/\/api.w.org\/{rel}","templated":true}]}}