{"id":7827,"date":"2025-09-17T16:06:43","date_gmt":"2025-09-17T16:06:43","guid":{"rendered":"https:\/\/fernandocobosestudio.es\/aviso-legal-copy-copy\/"},"modified":"2025-09-17T16:09:25","modified_gmt":"2025-09-17T16:09:25","slug":"datos-de-accesibilidad","status":"publish","type":"page","link":"https:\/\/fernandocobosestudio.es\/en\/datos-de-accesibilidad\/","title":{"rendered":"DATOS DE ACCESIBILIDAD"},"content":{"rendered":"<div class=\"vc_row wpb_row vc_row-fluid\" ><div class=\"wpb_column vc_column_container vc_col-sm-12\"><div class=\"vc_column-inner\"><div class=\"wpb_wrapper\">\n\t<div class=\"wpb_text_column wpb_content_element\" >\n\t\t<div class=\"wpb_wrapper\">\n\t\t\t<p>&nbsp;<\/p>\n<p>&nbsp;<\/p>\n<p><span style=\"color: #666666;\"><span style=\"font-family: inherit, serif;\"><span style=\"font-size: xx-large;\"><b>ACCESIBILIDAD<\/b><\/span><\/span><\/span><\/p>\n<p><span style=\"color: #666666;\"><span style=\"font-family: Arial, serif;\"><span style=\"font-size: large;\">Fernando Cobos Estudio de Arquitectura S.L se ha comprometido a hacer accesible su sitio web, de conformidad con el\u00a0<\/span><\/span><\/span><a href=\"https:\/\/www.boe.es\/diario_boe\/txt.php?id=BOE-A-2018-12699\" target=\"_blank\" rel=\"noopener\"><span style=\"color: #ff0000;\"><span style=\"font-family: Arial, serif;\"><span style=\"font-size: large;\"><u>Real Decreto 1112\/2018, de 7 de septiembre, sobre accesibilidad de los sitios web y aplicaciones para dispositivos m\u00f3viles del sector p\u00fablico.<\/u><\/span><\/span><\/span><\/a><\/p>\n<p><span style=\"color: #666666;\"><span style=\"font-family: Arial, serif;\"><span style=\"font-size: large;\">La presente declaraci\u00f3n de accesibilidad se aplica al sitio web<\/span><\/span><\/span><span style=\"color: #666666;\"><span style=\"font-family: Arial, serif;\"><span style=\"font-size: large;\">\u00a0<\/span><\/span><\/span><span style=\"color: #0000ff;\"><u><a href=\"https:\/\/fernandocobosestudio.es\/en\/\"><span style=\"font-family: Arial, serif;\"><span style=\"font-size: large;\">https:\/\/fernandocobosestudio.es\/<\/span><\/span><\/a><\/u><\/span><\/p>\n<p><span style=\"color: #666666;\"><span style=\"font-family: inherit, serif;\"><span style=\"font-size: x-large;\">Situaci\u00f3n de cumplimiento<\/span><\/span><\/span><\/p>\n<p><span style=\"color: #666666;\"><span style=\"font-family: Arial, serif;\"><span style=\"font-size: large;\">Este sitio web es parcialmente conforme con el\u00a0<\/span><\/span><\/span><a href=\"https:\/\/www.boe.es\/diario_boe\/txt.php?id=BOE-A-2018-12699\" target=\"_blank\" rel=\"noopener\"><span style=\"color: #ff0000;\"><span style=\"font-family: Arial, serif;\"><span style=\"font-size: large;\"><u>RD 1112\/2018<\/u><\/span><\/span><\/span><\/a><span style=\"color: #ff0000;\"><span style=\"font-family: Arial, serif;\"><span style=\"font-size: large;\">.<\/span><\/span><\/span><\/p>\n<p><span style=\"color: #666666;\"><span style=\"font-family: inherit, serif;\"><span style=\"font-size: x-large;\">Preparaci\u00f3n para la siguiente declaraci\u00f3n de accesibilidad<\/span><\/span><\/span><\/p>\n<p><span style=\"color: #666666;\"><span style=\"font-family: Arial, serif;\"><span style=\"font-size: large;\">La presente declaraci\u00f3n fue preparada el<\/span><\/span><\/span><span style=\"color: #666666;\"><span style=\"font-family: Arial, serif;\"><span style=\"font-size: large;\">\u00a0<\/span><\/span><\/span><span style=\"color: #666666;\"><span style=\"font-family: Arial, serif;\"><span style=\"font-size: large;\"><b>1<\/b><\/span><\/span><\/span><span style=\"color: #666666;\"><span style=\"font-family: Arial, serif;\"><span style=\"font-size: large;\"><b>\u00a0<\/b><\/span><\/span><\/span><span style=\"color: #666666;\"><span style=\"font-family: Arial, serif;\"><span style=\"font-size: large;\"><b>de<\/b><\/span><\/span><\/span><span style=\"color: #666666;\"><span style=\"font-family: Arial, serif;\"><span style=\"font-size: large;\"><b>\u00a0<\/b><\/span><\/span><\/span><span style=\"color: #666666;\"><span style=\"font-family: Arial, serif;\"><span style=\"font-size: large;\"><b>Septiembre de 2024.<\/b><\/span><\/span><\/span><\/p>\n<p><span style=\"color: #666666;\"><span style=\"font-family: Arial, serif;\"><span style=\"font-size: large;\">El m\u00e9todo empleado para preparar la declaraci\u00f3n ha sido una autoevaluaci\u00f3n llevada a cabo por el propio organismo.<\/span><\/span><\/span><\/p>\n<p><span style=\"color: #666666;\"><span style=\"font-family: Arial, serif;\"><span style=\"font-size: large;\">Observaciones y datos de contacto<\/span><\/span><\/span><\/p>\n<p><span style=\"color: #666666;\"><span style=\"font-family: Arial, serif;\"><span style=\"font-size: large;\">Puede realizar comunicaciones sobre requisitos de accesibilidad (art\u00edculo 10.2.a del RD 1112\/2018) como, por ejemplo:<\/span><\/span><\/span><\/p>\n<ul>\n<li><span style=\"color: #666666;\"><span style=\"font-family: Arial, serif;\"><span style=\"font-size: large;\">Informar sobre cualquier posible incumplimiento por parte de este sitio web<\/span><\/span><\/span><\/li>\n<li><span style=\"color: #666666;\"><span style=\"font-family: Arial, serif;\"><span style=\"font-size: large;\">Transmitir otras dificultades de acceso al contenido<\/span><\/span><\/span><\/li>\n<li><span style=\"color: #666666;\"><span style=\"font-family: Arial, serif;\"><span style=\"font-size: large;\">Formular cualquier otra consulta o sugerencia de mejora relativa a la accesibilidad del sitio web<\/span><\/span><\/span><\/li>\n<\/ul>\n<p><span style=\"color: #666666;\"><span style=\"font-family: Arial, serif;\"><span style=\"font-size: large;\">a trav\u00e9s del formulario de contacto de este sitio web o a trav\u00e9s del n\u00famero de tel\u00e9fono (+34)<\/span><\/span><\/span><span style=\"color: #666666;\"><span style=\"font-family: Arial, serif;\"><span style=\"font-size: large;\">\u00a0669 81 09 67<\/span><\/span><\/span><\/p>\n<p><span style=\"color: #666666;\"><span style=\"font-family: Arial, serif;\"><span style=\"font-size: large;\">Puede presentar:<\/span><\/span><\/span><\/p>\n<ul>\n<li><span style=\"color: #666666;\"><span style=\"font-family: Arial, serif;\"><span style=\"font-size: large;\">Queja relativa al cumplimiento de los requisitos del RD 1112\/2018 o<\/span><\/span><\/span><\/li>\n<li><span style=\"color: #666666;\"><span style=\"font-family: Arial, serif;\"><span style=\"font-size: large;\">Solicitud de Informaci\u00f3n accesible relativa a:<\/span><\/span><\/span>\n<ul>\n<li><span style=\"color: #666666;\"><span style=\"font-family: Arial, serif;\"><span style=\"font-size: large;\">Contenidos que est\u00e1n excluidos del \u00e1mbito de aplicaci\u00f3n del RD 1112\/2018 seg\u00fan lo establecido por el art\u00edculo 3, apartado 4<\/span><\/span><\/span><\/li>\n<li><span style=\"color: #666666;\"><span style=\"font-family: Arial, serif;\"><span style=\"font-size: large;\">Contenidos que est\u00e1n exentos del cumplimiento de los requisitos de accesibilidad por imponer una carga desproporcionada<\/span><\/span><\/span><\/li>\n<\/ul>\n<\/li>\n<\/ul>\n<p><span style=\"color: #666666;\"><span style=\"font-family: Arial, serif;\"><span style=\"font-size: large;\">En la Solicitud de informaci\u00f3n accesible, se debe concretar, con toda claridad, los hechos, razones y petici\u00f3n que permitan constatar que se trata de una solicitud razonable y leg\u00edtima.<\/span><\/span><\/span><\/p>\n<p><span style=\"color: #666666;\"><span style=\"font-family: Arial, serif;\"><span style=\"font-size: large;\">Las quejas y reclamaciones sobre informaci\u00f3n accesible se realizar\u00e1n a trav\u00e9s de la sede electr\u00f3nico <\/span><\/span><\/span><span style=\"color: #0000ff;\"><u><a href=\"https:\/\/fernandocobosestudio.es\/en\/contacto\/\"><span style=\"font-family: Arial, serif;\"><span style=\"font-size: large;\">https:\/\/fernandocobosestudio.es\/contacto<\/span><\/span><\/a><\/u><\/span><\/p>\n<p><span style=\"color: #666666;\"><span style=\"font-family: Arial, serif;\"><span style=\"font-size: large;\">y ser\u00e1n recibidas y tratadas por el \u00e1rea de Sistemas de la Informaci\u00f3n de<\/span><\/span><\/span><span style=\"color: #666666;\"><span style=\"font-family: Arial, serif;\"><span style=\"font-size: large;\">\u00a0<\/span><\/span><\/span><span style=\"color: #666666;\"><span style=\"font-family: Arial, serif;\"><span style=\"font-size: large;\">Fernando Cobos Estudio de Arquitectura S.L<\/span><\/span><\/span><\/p>\n<p><span style=\"color: #666666;\"><span style=\"font-family: inherit, serif;\"><span style=\"font-size: x-large;\">Contenido opcional<\/span><\/span><\/span><\/p>\n<p><span style=\"color: #666666;\"><span style=\"font-family: Arial, serif;\"><span style=\"font-size: large;\">Este portal est\u00e1 dise\u00f1ado para poder cambiar el tama\u00f1o del texto y el color, as\u00ed como el fondo de la p\u00e1gina mediante las opciones de configuraci\u00f3n est\u00e1ndar de los navegadores.<\/span><\/span><\/span><\/p>\n<p><span style=\"color: #666666;\"><span style=\"font-family: Arial, serif;\"><span style=\"font-size: large;\">Si desea cambiar el tama\u00f1o de letra del texto en los principales navegadores gr\u00e1ficos utilice los siguientes men\u00fas:<\/span><\/span><\/span><\/p>\n<ul>\n<li><span style=\"color: #666666;\"><span style=\"font-family: Arial, serif;\"><span style=\"font-size: large;\">Internet Explorer, Mozilla y Firefox: Ver &gt; Tama\u00f1o del texto<\/span><\/span><\/span><\/li>\n<li><span style=\"color: #666666;\"><span style=\"font-family: Arial, serif;\"><span style=\"font-size: large;\">Opera: Ver &gt; Zoom<\/span><\/span><\/span><\/li>\n<li><span style=\"color: #666666;\"><span style=\"font-family: Arial, serif;\"><span style=\"font-size: large;\">Safari: Ver &gt; Hacer el texto m\u00e1s grande<\/span><\/span><\/span><\/li>\n<li><span style=\"color: #666666;\"><span style=\"font-family: Arial, serif;\"><span style=\"font-size: large;\">Chrome: Controla la p\u00e1gina actual &gt; Tama\u00f1o del texto<\/span><\/span><\/span><\/li>\n<li><span style=\"color: #666666;\"><span style=\"font-family: Arial, serif;\"><span style=\"font-size: large;\">Para modificar el tama\u00f1o de todo en la p\u00e1gina:<\/span><\/span><\/span>\n<ul>\n<li><span style=\"color: #666666;\"><span style=\"font-family: Arial, serif;\"><span style=\"font-size: large;\">Ctrl + + para aumentarlo<\/span><\/span><\/span><\/li>\n<li><span style=\"color: #666666;\"><span style=\"font-family: Arial, serif;\"><span style=\"font-size: large;\">Ctrl + \u2013 para disminuirlo<\/span><\/span><\/span><\/li>\n<li><span style=\"color: #666666;\"><span style=\"font-family: Arial, serif;\"><span style=\"font-size: large;\">Ctrl + 0 restaura el tama\u00f1o original del texto<\/span><\/span><\/span><\/li>\n<li><span style=\"color: #666666;\"><span style=\"font-family: Arial, serif;\"><span style=\"font-size: large;\">Si lo que quiere es anular la hoja de estilos o modificar el color del texto, puede consultar la p\u00e1gina\u00a0<\/span><\/span><\/span><span style=\"color: #666666;\"><span style=\"font-family: Arial, serif;\"><span style=\"font-size: large;\"><span lang=\"en-US\">How to Change Text Size or Colors de la WAI<\/span><\/span><\/span><\/span><span style=\"color: #666666;\"><span style=\"font-family: Arial, serif;\"><span style=\"font-size: large;\">, que se puede leer traducida al espa\u00f1ol en \u00bfC\u00f3mo cambiar el tama\u00f1o del texto o colores?<\/span><\/span><\/span><\/li>\n<\/ul>\n<\/li>\n<\/ul>\n<p>&nbsp;<\/p>\n\n\t\t<\/div>\n\t<\/div>\n<\/div><\/div><\/div><\/div><div class=\"vc_row wpb_row vc_row-fluid\" ><div class=\"wpb_column vc_column_container vc_col-sm-4\"><div class=\"vc_column-inner\"><div class=\"wpb_wrapper\"><\/div><\/div><\/div><div class=\"wpb_column vc_column_container vc_col-sm-4\"><div class=\"vc_column-inner\"><div class=\"wpb_wrapper\"><div class=\"vc_empty_space\"   style=\"height: 50px\"><span class=\"vc_empty_space_inner\"><\/span><\/div>\n\t<div class=\"wpb_text_column wpb_content_element\" >\n\t\t<div class=\"wpb_wrapper\">\n\t\t\t<p>PROGRAMA KIT DIGITAL FINANCIADO POR LOS FONDOS NEXT GENERATION DEL MECANISMO DE RECUPERACI\u00d3N Y RESILIENCIA<\/p>\n\n\t\t<\/div>\n\t<\/div>\n\n\t<div  class=\"wpb_single_image wpb_content_element vc_align_left\">\n\t\t\n\t\t<figure class=\"wpb_wrapper vc_figure\">\n\t\t\t<div class=\"vc_single_image-wrapper   vc_box_border_grey\"><img width=\"1001\" height=\"203\" src=\"https:\/\/fernandocobosestudio.es\/wp-content\/uploads\/2024\/08\/kit-digital.jpg\" class=\"vc_single_image-img attachment-large\" alt=\"\" loading=\"lazy\" srcset=\"https:\/\/fernandocobosestudio.es\/wp-content\/uploads\/2024\/08\/kit-digital.jpg 1001w, https:\/\/fernandocobosestudio.es\/wp-content\/uploads\/2024\/08\/kit-digital-300x61.jpg 300w, https:\/\/fernandocobosestudio.es\/wp-content\/uploads\/2024\/08\/kit-digital-768x156.jpg 768w\" sizes=\"(max-width: 1001px) 100vw, 1001px\" \/><\/div>\n\t\t<\/figure>\n\t<\/div>\n<div class=\"vc_empty_space\"   style=\"height: 50px\"><span class=\"vc_empty_space_inner\"><\/span><\/div><\/div><\/div><\/div><div class=\"wpb_column vc_column_container vc_col-sm-4\"><div class=\"vc_column-inner\"><div class=\"wpb_wrapper\"><\/div><\/div><\/div><\/div>","protected":false},"excerpt":{"rendered":"&nbsp; &nbsp; ACCESIBILIDAD Fernando Cobos Estudio de Arquitectura S.L se ha comprometido a hacer accesible su sitio web, de conformidad con el\u00a0Real Decreto 1112\/2018, de 7 de septiembre, sobre accesibilidad de los sitios web y aplicaciones para dispositivos m\u00f3viles del [...]","protected":false},"author":1,"featured_media":0,"parent":0,"menu_order":0,"comment_status":"closed","ping_status":"closed","template":"full-width.php","meta":[],"_links":{"self":[{"href":"https:\/\/fernandocobosestudio.es\/en\/wp-json\/wp\/v2\/pages\/7827"}],"collection":[{"href":"https:\/\/fernandocobosestudio.es\/en\/wp-json\/wp\/v2\/pages"}],"about":[{"href":"https:\/\/fernandocobosestudio.es\/en\/wp-json\/wp\/v2\/types\/page"}],"author":[{"embeddable":true,"href":"https:\/\/fernandocobosestudio.es\/en\/wp-json\/wp\/v2\/users\/1"}],"replies":[{"embeddable":true,"href":"https:\/\/fernandocobosestudio.es\/en\/wp-json\/wp\/v2\/comments?post=7827"}],"version-history":[{"count":3,"href":"https:\/\/fernandocobosestudio.es\/en\/wp-json\/wp\/v2\/pages\/7827\/revisions"}],"predecessor-version":[{"id":7831,"href":"https:\/\/fernandocobosestudio.es\/en\/wp-json\/wp\/v2\/pages\/7827\/revisions\/7831"}],"wp:attachment":[{"href":"https:\/\/fernandocobosestudio.es\/en\/wp-json\/wp\/v2\/media?parent=7827"}],"curies":[{"name":"wp","href":"https:\/\/api.w.org\/{rel}","templated":true}]}}